{"id":7,"date":"2018-07-31T15:47:00","date_gmt":"2018-07-31T13:47:00","guid":{"rendered":"http:\/\/hoteltgv.fr\/?page_id=7"},"modified":"2023-11-10T16:15:34","modified_gmt":"2023-11-10T15:15:34","slug":"hotel-quimper","status":"publish","type":"page","link":"https:\/\/hoteltgv.com\/","title":{"rendered":"Tourisme"},"content":{"rendered":"\t\t<div data-elementor-type=\"wp-page\" data-elementor-id=\"7\" class=\"elementor elementor-7\">\n\t\t\t\t\t\t<section class=\"elementor-section elementor-top-section elementor-element elementor-element-06dc8be elementor-section-boxed elementor-section-height-default elementor-section-height-default\" data-id=\"06dc8be\" data-element_type=\"section\" data-e-type=\"section\">\n\t\t\t\t\t\t<div class=\"elementor-container elementor-column-gap-default\">\n\t\t\t\t\t<div class=\"elementor-column elementor-col-100 elementor-top-column elementor-element elementor-element-e499a23\" data-id=\"e499a23\" data-element_type=\"column\" data-e-type=\"column\">\n\t\t\t<div class=\"elementor-widget-wrap elementor-element-populated\">\n\t\t\t\t\t\t<div class=\"elementor-element elementor-element-81eb357 elementor-widget elementor-widget-text-editor\" data-id=\"81eb357\" data-element_type=\"widget\" data-e-type=\"widget\" data-widget_type=\"text-editor.default\">\n\t\t\t\t<div class=\"elementor-widget-container\">\n\t\t\t\t\t\t\t\t\t<p style=\"text-align: center;\">Un H\u00f4tel \u00e0 Quimper ?<br \/>L\u2019H\u00f4tel <a href=\"https:\/\/hoteltgv.fr\/index.php\/boutique\/\">TGV<\/a>\u00a0 Quimper est situ\u00e9 face aux gares routi\u00e8res<br \/>et SNCF et \u00e0 800 m\u00e8tres du centre-ville.<\/p><p style=\"text-align: center;\">Vous pouvez r\u00e9server en ligne et payer \u00e0 l&rsquo;h\u00f4tel.<br \/>Un accueil chaleureux vous sera toujours r\u00e9serv\u00e9 pour votre s\u00e9jour \u00e0 Quimper.<br \/>Vous appr\u00e9cierez nos chambres tout-confort avec wifi, calmes et confortables.<\/p><p style=\"text-align: center;\">Pour visiter la ville, vous pouvez commencer\u00a0 par\u00a0 le site de l&rsquo;office de tourisme de la ville de Quimper.<\/p>\t\t\t\t\t\t\t\t<\/div>\n\t\t\t\t<\/div>\n\t\t\t\t\t<\/div>\n\t\t<\/div>\n\t\t\t\t\t<\/div>\n\t\t<\/section>\n\t\t\t\t<section class=\"elementor-section elementor-top-section elementor-element elementor-element-0934f28 elementor-section-boxed elementor-section-height-default elementor-section-height-default\" data-id=\"0934f28\" data-element_type=\"section\" data-e-type=\"section\">\n\t\t\t\t\t\t<div class=\"elementor-container elementor-column-gap-default\">\n\t\t\t\t\t<div class=\"elementor-column elementor-col-100 elementor-top-column elementor-element elementor-element-4f88e71\" data-id=\"4f88e71\" data-element_type=\"column\" data-e-type=\"column\">\n\t\t\t<div class=\"elementor-widget-wrap elementor-element-populated\">\n\t\t\t\t\t\t<div class=\"elementor-element elementor-element-b071c33 elementor-widget elementor-widget-image\" data-id=\"b071c33\" data-element_type=\"widget\" data-e-type=\"widget\" data-widget_type=\"image.default\">\n\t\t\t\t<div class=\"elementor-widget-container\">\n\t\t\t\t\t\t\t\t\t\t\t\t\t\t\t<img fetchpriority=\"high\" decoding=\"async\" width=\"644\" height=\"393\" src=\"https:\/\/hoteltgv.com\/wp-content\/uploads\/2023\/11\/plan-htgv_2023-1024x625.jpg\" class=\"attachment-large size-large wp-image-2030\" alt=\"Plan d&#039;acc\u00e8s de l&#039;h\u00f4tel TGV pr\u00e8s de la gare \u00e0 Quimper\" srcset=\"https:\/\/hoteltgv.com\/wp-content\/uploads\/2023\/11\/plan-htgv_2023-1024x625.jpg 1024w, https:\/\/hoteltgv.com\/wp-content\/uploads\/2023\/11\/plan-htgv_2023-800x488.jpg 800w, https:\/\/hoteltgv.com\/wp-content\/uploads\/2023\/11\/plan-htgv_2023-150x92.jpg 150w, https:\/\/hoteltgv.com\/wp-content\/uploads\/2023\/11\/plan-htgv_2023-768x469.jpg 768w, https:\/\/hoteltgv.com\/wp-content\/uploads\/2023\/11\/plan-htgv_2023-350x214.jpg 350w, https:\/\/hoteltgv.com\/wp-content\/uploads\/2023\/11\/plan-htgv_2023.jpg 1042w\" sizes=\"100vw\" \/>\t\t\t\t\t\t\t\t\t\t\t\t\t\t\t<\/div>\n\t\t\t\t<\/div>\n\t\t\t\t\t<\/div>\n\t\t<\/div>\n\t\t\t\t\t<\/div>\n\t\t<\/section>\n\t\t\t\t<section class=\"elementor-section elementor-top-section elementor-element elementor-element-36ac9183 elementor-section-boxed elementor-section-height-default elementor-section-height-default\" data-id=\"36ac9183\" data-element_type=\"section\" data-e-type=\"section\">\n\t\t\t\t\t\t<div class=\"elementor-container elementor-column-gap-default\">\n\t\t\t\t\t<div class=\"elementor-column elementor-col-100 elementor-top-column elementor-element elementor-element-6af3ef51\" data-id=\"6af3ef51\" data-element_type=\"column\" data-e-type=\"column\">\n\t\t\t<div class=\"elementor-widget-wrap elementor-element-populated\">\n\t\t\t\t\t\t<div class=\"elementor-element elementor-element-4dc6052e elementor-widget elementor-widget-text-editor\" data-id=\"4dc6052e\" data-element_type=\"widget\" data-e-type=\"widget\" data-widget_type=\"text-editor.default\">\n\t\t\t\t<div class=\"elementor-widget-container\">\n\t\t\t\t\t\t\t\t\t<p style=\"text-align: center;\"><a style=\"font-family: var( --e-global-typography-text-font-family ), Sans-serif; font-weight: var( --e-global-typography-text-font-weight ); background-color: #ffffff; font-size: 1rem;\" href=\"https:\/\/www.quimper-tourisme.bzh\/\" target=\"_blank\" rel=\"noopener\"><img decoding=\"async\" class=\"alignnone size-medium wp-image-56 aligncenter\" src=\"http:\/\/hoteltgv.fr\/wp-content\/uploads\/2018\/07\/tetiere-quimper-mobi-2014-800x157.jpg\" alt=\"\" width=\"800\" height=\"157\" srcset=\"https:\/\/hoteltgv.com\/wp-content\/uploads\/2018\/07\/tetiere-quimper-mobi-2014-800x157.jpg 800w, https:\/\/hoteltgv.com\/wp-content\/uploads\/2018\/07\/tetiere-quimper-mobi-2014-350x69.jpg 350w, https:\/\/hoteltgv.com\/wp-content\/uploads\/2018\/07\/tetiere-quimper-mobi-2014-150x29.jpg 150w, https:\/\/hoteltgv.com\/wp-content\/uploads\/2018\/07\/tetiere-quimper-mobi-2014-768x151.jpg 768w, https:\/\/hoteltgv.com\/wp-content\/uploads\/2018\/07\/tetiere-quimper-mobi-2014.jpg 1024w\" sizes=\"(max-width: 767px) 89vw, (max-width: 1000px) 54vw, (max-width: 1071px) 543px, 580px\" \/><\/a><\/p><p style=\"text-align: center;\">Quimper c\u00e9l\u00e8bre en autres pour ses fa\u00efenceries<\/p><p style=\"text-align: center;\"><img decoding=\"async\" class=\"alignnone size-full wp-image-105\" src=\"http:\/\/hoteltgv.fr\/wp-content\/uploads\/2018\/08\/cup-588366_1920.jpg\" alt=\"\" width=\"612\" height=\"441\" srcset=\"https:\/\/hoteltgv.com\/wp-content\/uploads\/2018\/08\/cup-588366_1920.jpg 612w, https:\/\/hoteltgv.com\/wp-content\/uploads\/2018\/08\/cup-588366_1920-350x252.jpg 350w, https:\/\/hoteltgv.com\/wp-content\/uploads\/2018\/08\/cup-588366_1920-150x108.jpg 150w\" sizes=\"(max-width: 612px) 100vw, 612px\" \/><\/p>\t\t\t\t\t\t\t\t<\/div>\n\t\t\t\t<\/div>\n\t\t\t\t\t<\/div>\n\t\t<\/div>\n\t\t\t\t\t<\/div>\n\t\t<\/section>\n\t\t\t\t<\/div>\n\t\t","protected":false},"excerpt":{"rendered":"<p>Un H\u00f4tel \u00e0 Quimper ?L\u2019H\u00f4tel TGV\u00a0 Quimper est situ\u00e9 face aux gares routi\u00e8reset SNCF et \u00e0 800 m\u00e8tres du centre-ville. Vous pouvez r\u00e9server en ligne et payer \u00e0 l&rsquo;h\u00f4tel.Un accueil chaleureux vous sera toujours r\u00e9serv\u00e9 pour votre s\u00e9jour \u00e0 Quimper.Vous appr\u00e9cierez nos chambres tout-confort avec wifi, calmes et confortables. Pour visiter la ville, vous pouvez &hellip; <\/p>\n<p class=\"link-more\"><a href=\"https:\/\/hoteltgv.com\/\" class=\"more-link\">Continuer la lecture<span class=\"screen-reader-text\"> de &laquo;&nbsp;Tourisme&nbsp;&raquo;<\/span><\/a><\/p>\n","protected":false},"author":1,"featured_media":0,"parent":0,"menu_order":0,"comment_status":"closed","ping_status":"closed","template":"","meta":{"footnotes":""},"class_list":["post-7","page","type-page","status-publish","hentry"],"_links":{"self":[{"href":"https:\/\/hoteltgv.com\/index.php\/wp-json\/wp\/v2\/pages\/7","targetHints":{"allow":["GET"]}}],"collection":[{"href":"https:\/\/hoteltgv.com\/index.php\/wp-json\/wp\/v2\/pages"}],"about":[{"href":"https:\/\/hoteltgv.com\/index.php\/wp-json\/wp\/v2\/types\/page"}],"author":[{"embeddable":true,"href":"https:\/\/hoteltgv.com\/index.php\/wp-json\/wp\/v2\/users\/1"}],"replies":[{"embeddable":true,"href":"https:\/\/hoteltgv.com\/index.php\/wp-json\/wp\/v2\/comments?post=7"}],"version-history":[{"count":29,"href":"https:\/\/hoteltgv.com\/index.php\/wp-json\/wp\/v2\/pages\/7\/revisions"}],"predecessor-version":[{"id":2033,"href":"https:\/\/hoteltgv.com\/index.php\/wp-json\/wp\/v2\/pages\/7\/revisions\/2033"}],"wp:attachment":[{"href":"https:\/\/hoteltgv.com\/index.php\/wp-json\/wp\/v2\/media?parent=7"}],"curies":[{"name":"wp","href":"https:\/\/api.w.org\/{rel}","templated":true}]}}